{"id":556,"date":"2023-11-26T22:15:32","date_gmt":"2023-11-26T21:15:32","guid":{"rendered":"https:\/\/layersfood.fr\/?page_id=556"},"modified":"2026-02-03T16:54:35","modified_gmt":"2026-02-03T15:54:35","slug":"venez-deguster-dans-notre-restaurant-les-meilleurs-burgers-des-landes-a-seignosse-dans-un-cadre-confrotable-ou-encore-a-emporter-a-la-maison","status":"publish","type":"page","link":"https:\/\/layersfood.fr\/index.php\/venez-deguster-dans-notre-restaurant-les-meilleurs-burgers-des-landes-a-seignosse-dans-un-cadre-confrotable-ou-encore-a-emporter-a-la-maison\/","title":{"rendered":"Le restaurant"},"content":{"rendered":"<p>[vc_row][vc_column][vc_column_text]<\/p>\n<div class=\"wp-block-buttons is-content-justification-center is-layout-flex wp-container-core-buttons-layout-1 wp-block-buttons-is-layout-flex\">\n<div class=\"wp-block-button\"><a class=\"wp-block-button__link has-text-align-center wp-element-button\" href=\"https:\/\/layers.foxorders.com\/\">COMMANDER EN CLIC &amp; COLLECT<\/a><\/div>\n<p><\/div>\n\n\n<p class=\"has-text-align-center\">Situ\u00e9 au 966 avenue Charles De Gaulle \u00e0 l&#8217;entr\u00e9e du Bourg de Seignosse, \u00e0 deux pas de le zone Pedebert de Soorts-Hossegor.<\/p>\n\n\n<p class=\"has-text-align-center\">Venez profiter d&#8217;un cadre agr\u00e9able pour vous asseoir et deguster un excellent burger, kebab, salade, caf\u00e9  ou encore cheesecake et cookie maison<\/p>\n\n\n<p class=\"has-text-align-center\">OUVERT DU MARDI AU SAMEDI<\/p>\n\n\n<p class=\"has-text-align-center\"> 9:30 \/ 14:00 &#8211; 19:00 \/ 21:30<\/p>\n\n\n<p class=\"has-text-align-center\">DIMANCHE SOIR 19:00 \/ 21:30<\/p>\n\n\n<p class=\"has-text-align-center\">07 89 30 80 11<\/p>\n\n\n<div class=\"wp-block-buttons is-horizontal is-content-justification-center is-layout-flex wp-container-core-buttons-layout-2 wp-block-buttons-is-layout-flex\">\n<div class=\"wp-block-button is-style-outline\"><a class=\"wp-block-button__link has-text-color has-background wp-element-button\" href=\"https:\/\/maps.app.goo.gl\/N3rhef5RmEBThh719\" style=\"color:#001e24;background-color:#faf7e6\">SE RENDRE AU RESTAURANT<\/a><\/div>\n<p><\/div>\n\n<div class=\"wp-block-image\">\n<figure class=\"aligncenter size-large\"><img loading=\"lazy\" decoding=\"async\" width=\"683\" height=\"1024\" src=\"https:\/\/layersfood.fr\/wp-content\/uploads\/2024\/11\/12-683x1024.jpg\" alt=\"\" class=\"wp-image-602\" srcset=\"https:\/\/layersfood.fr\/wp-content\/uploads\/2024\/11\/12-683x1024.jpg 683w, https:\/\/layersfood.fr\/wp-content\/uploads\/2024\/11\/12-200x300.jpg 200w, https:\/\/layersfood.fr\/wp-content\/uploads\/2024\/11\/12-768x1152.jpg 768w, https:\/\/layersfood.fr\/wp-content\/uploads\/2024\/11\/12-1024x1536.jpg 1024w, https:\/\/layersfood.fr\/wp-content\/uploads\/2024\/11\/12-1365x2048.jpg 1365w, https:\/\/layersfood.fr\/wp-content\/uploads\/2024\/11\/12-scaled.jpg 1707w\" sizes=\"(max-width: 683px) 100vw, 683px\" \/><\/figure><\/div>\n<div class=\"wp-block-image\">\n<figure class=\"aligncenter size-large\"><img loading=\"lazy\" decoding=\"async\" width=\"683\" height=\"1024\" src=\"https:\/\/layersfood.fr\/wp-content\/uploads\/2024\/11\/13-683x1024.jpg\" alt=\"\" class=\"wp-image-601\" srcset=\"https:\/\/layersfood.fr\/wp-content\/uploads\/2024\/11\/13-683x1024.jpg 683w, https:\/\/layersfood.fr\/wp-content\/uploads\/2024\/11\/13-200x300.jpg 200w, https:\/\/layersfood.fr\/wp-content\/uploads\/2024\/11\/13-768x1152.jpg 768w, https:\/\/layersfood.fr\/wp-content\/uploads\/2024\/11\/13-1024x1536.jpg 1024w, https:\/\/layersfood.fr\/wp-content\/uploads\/2024\/11\/13-1365x2048.jpg 1365w, https:\/\/layersfood.fr\/wp-content\/uploads\/2024\/11\/13-scaled.jpg 1707w\" sizes=\"(max-width: 683px) 100vw, 683px\" \/><\/figure><\/div>[\/vc_column_text][\/vc_column][\/vc_row][vc_row][vc_column][vc_column_text]<\/p>\n<p style=\"text-align: center;\">Nous trouver : <a href=\"https:\/\/maps.app.goo.gl\/18CPcpu9fayrQcCr9\">966 Av. Charles de Gaulle, 40510 Seignosse<\/a><\/p>\n<p>[\/vc_column_text][\/vc_column][\/vc_row]<\/p>\n","protected":false},"excerpt":{"rendered":"<p>[vc_row][vc_column][vc_column_text] Situ\u00e9 au 966 avenue Charles De Gaulle \u00e0 l&#8217;entr\u00e9e du Bourg de Seignosse, \u00e0 deux pas de le zone Pedebert de Soorts-Hossegor. Venez profiter d&#8217;un cadre agr\u00e9able pour vous asseoir et deguster un excellent burger, kebab, salade, caf\u00e9 ou encore cheesecake et cookie maison OUVERT DU MARDI AU SAMEDI 9:30 \/ 14:00 &#8211; 19:00 [&hellip;]<\/p>\n","protected":false},"author":1,"featured_media":0,"parent":0,"menu_order":0,"comment_status":"closed","ping_status":"closed","template":"","meta":{"footnotes":""},"yoast_head":"<!-- This site is optimized with the Yoast SEO plugin v16.2 - https:\/\/yoast.com\/wordpress\/plugins\/seo\/ -->\n<title>Layersfood - Le restaurant de burgers, streetfood et caf\u00e9 \u00e0 Seignosse<\/title>\n<meta name=\"description\" content=\"Venez d\u00e9guster dans notre restaurant les meilleurs burgers des Landes \u00e0 Seignosse dans un cadre confortable ou encore \u00e0 emporter \u00e0 la maison\" \/>\n<meta name=\"robots\" content=\"index, follow, max-snippet:-1, max-image-preview:large, max-video-preview:-1\" \/>\n<link rel=\"canonical\" href=\"https:\/\/layersfood.fr\/index.php\/venez-deguster-dans-notre-restaurant-les-meilleurs-burgers-des-landes-a-seignosse-dans-un-cadre-confrotable-ou-encore-a-emporter-a-la-maison\/\" \/>\n<meta property=\"og:locale\" content=\"en_US\" \/>\n<meta property=\"og:type\" content=\"article\" \/>\n<meta property=\"og:title\" content=\"Layersfood - Le restaurant de burgers, streetfood et caf\u00e9 \u00e0 Seignosse\" \/>\n<meta property=\"og:description\" content=\"Venez d\u00e9guster dans notre restaurant les meilleurs burgers des Landes \u00e0 Seignosse dans un cadre confortable ou encore \u00e0 emporter \u00e0 la maison\" \/>\n<meta property=\"og:url\" content=\"https:\/\/layersfood.fr\/index.php\/venez-deguster-dans-notre-restaurant-les-meilleurs-burgers-des-landes-a-seignosse-dans-un-cadre-confrotable-ou-encore-a-emporter-a-la-maison\/\" \/>\n<meta property=\"og:site_name\" content=\"Layersfood\" \/>\n<meta property=\"article:publisher\" content=\"https:\/\/www.facebook.com\/layersfood\/\" \/>\n<meta property=\"article:modified_time\" content=\"2026-02-03T15:54:35+00:00\" \/>\n<meta property=\"og:image\" content=\"https:\/\/layersfood.fr\/wp-content\/uploads\/2024\/11\/12-683x1024.jpg\" \/>\n<meta name=\"twitter:card\" content=\"summary_large_image\" \/>\n<meta name=\"twitter:label1\" content=\"Est. reading time\">\n\t<meta name=\"twitter:data1\" content=\"1 minute\">\n<script type=\"application\/ld+json\" class=\"yoast-schema-graph\">{\"@context\":\"https:\/\/schema.org\",\"@graph\":[{\"@type\":\"Organization\",\"@id\":\"https:\/\/layersfood.fr\/#organization\",\"name\":\"Layers\",\"url\":\"https:\/\/layersfood.fr\/\",\"sameAs\":[\"https:\/\/www.facebook.com\/layersfood\/\",\"https:\/\/www.instagram.com\/layersfood\/\"],\"logo\":{\"@type\":\"ImageObject\",\"@id\":\"https:\/\/layersfood.fr\/#logo\",\"inLanguage\":\"en-US\",\"url\":\"https:\/\/layersfood.fr\/wp-content\/uploads\/2020\/07\/LogoBigout-scaled.jpg\",\"contentUrl\":\"https:\/\/layersfood.fr\/wp-content\/uploads\/2020\/07\/LogoBigout-scaled.jpg\",\"width\":2560,\"height\":1440,\"caption\":\"Layers\"},\"image\":{\"@id\":\"https:\/\/layersfood.fr\/#logo\"}},{\"@type\":\"WebSite\",\"@id\":\"https:\/\/layersfood.fr\/#website\",\"url\":\"https:\/\/layersfood.fr\/\",\"name\":\"Layersfood\",\"description\":\"Layers Good Food Good Mood , le food truck aux produits fraichement travaill\\u00e9s dans le sud-ouest de la France\",\"publisher\":{\"@id\":\"https:\/\/layersfood.fr\/#organization\"},\"potentialAction\":[{\"@type\":\"SearchAction\",\"target\":\"https:\/\/layersfood.fr\/?s={search_term_string}\",\"query-input\":\"required name=search_term_string\"}],\"inLanguage\":\"en-US\"},{\"@type\":\"ImageObject\",\"@id\":\"https:\/\/layersfood.fr\/index.php\/venez-deguster-dans-notre-restaurant-les-meilleurs-burgers-des-landes-a-seignosse-dans-un-cadre-confrotable-ou-encore-a-emporter-a-la-maison\/#primaryimage\",\"inLanguage\":\"en-US\",\"url\":\"https:\/\/layersfood.fr\/wp-content\/uploads\/2024\/11\/12-scaled.jpg\",\"contentUrl\":\"https:\/\/layersfood.fr\/wp-content\/uploads\/2024\/11\/12-scaled.jpg\",\"width\":1707,\"height\":2560},{\"@type\":\"WebPage\",\"@id\":\"https:\/\/layersfood.fr\/index.php\/venez-deguster-dans-notre-restaurant-les-meilleurs-burgers-des-landes-a-seignosse-dans-un-cadre-confrotable-ou-encore-a-emporter-a-la-maison\/#webpage\",\"url\":\"https:\/\/layersfood.fr\/index.php\/venez-deguster-dans-notre-restaurant-les-meilleurs-burgers-des-landes-a-seignosse-dans-un-cadre-confrotable-ou-encore-a-emporter-a-la-maison\/\",\"name\":\"Layersfood - Le restaurant de burgers, streetfood et caf\\u00e9 \\u00e0 Seignosse\",\"isPartOf\":{\"@id\":\"https:\/\/layersfood.fr\/#website\"},\"primaryImageOfPage\":{\"@id\":\"https:\/\/layersfood.fr\/index.php\/venez-deguster-dans-notre-restaurant-les-meilleurs-burgers-des-landes-a-seignosse-dans-un-cadre-confrotable-ou-encore-a-emporter-a-la-maison\/#primaryimage\"},\"datePublished\":\"2023-11-26T21:15:32+00:00\",\"dateModified\":\"2026-02-03T15:54:35+00:00\",\"description\":\"Venez d\\u00e9guster dans notre restaurant les meilleurs burgers des Landes \\u00e0 Seignosse dans un cadre confortable ou encore \\u00e0 emporter \\u00e0 la maison\",\"breadcrumb\":{\"@id\":\"https:\/\/layersfood.fr\/index.php\/venez-deguster-dans-notre-restaurant-les-meilleurs-burgers-des-landes-a-seignosse-dans-un-cadre-confrotable-ou-encore-a-emporter-a-la-maison\/#breadcrumb\"},\"inLanguage\":\"en-US\",\"potentialAction\":[{\"@type\":\"ReadAction\",\"target\":[\"https:\/\/layersfood.fr\/index.php\/venez-deguster-dans-notre-restaurant-les-meilleurs-burgers-des-landes-a-seignosse-dans-un-cadre-confrotable-ou-encore-a-emporter-a-la-maison\/\"]}]},{\"@type\":\"BreadcrumbList\",\"@id\":\"https:\/\/layersfood.fr\/index.php\/venez-deguster-dans-notre-restaurant-les-meilleurs-burgers-des-landes-a-seignosse-dans-un-cadre-confrotable-ou-encore-a-emporter-a-la-maison\/#breadcrumb\",\"itemListElement\":[{\"@type\":\"ListItem\",\"position\":1,\"item\":{\"@type\":\"WebPage\",\"@id\":\"https:\/\/layersfood.fr\/\",\"url\":\"https:\/\/layersfood.fr\/\",\"name\":\"Accueil\"}},{\"@type\":\"ListItem\",\"position\":2,\"item\":{\"@id\":\"https:\/\/layersfood.fr\/index.php\/venez-deguster-dans-notre-restaurant-les-meilleurs-burgers-des-landes-a-seignosse-dans-un-cadre-confrotable-ou-encore-a-emporter-a-la-maison\/#webpage\"}}]}]}<\/script>\n<!-- \/ Yoast SEO plugin. -->","_links":{"self":[{"href":"https:\/\/layersfood.fr\/index.php\/wp-json\/wp\/v2\/pages\/556"}],"collection":[{"href":"https:\/\/layersfood.fr\/index.php\/wp-json\/wp\/v2\/pages"}],"about":[{"href":"https:\/\/layersfood.fr\/index.php\/wp-json\/wp\/v2\/types\/page"}],"author":[{"embeddable":true,"href":"https:\/\/layersfood.fr\/index.php\/wp-json\/wp\/v2\/users\/1"}],"replies":[{"embeddable":true,"href":"https:\/\/layersfood.fr\/index.php\/wp-json\/wp\/v2\/comments?post=556"}],"version-history":[{"count":18,"href":"https:\/\/layersfood.fr\/index.php\/wp-json\/wp\/v2\/pages\/556\/revisions"}],"predecessor-version":[{"id":615,"href":"https:\/\/layersfood.fr\/index.php\/wp-json\/wp\/v2\/pages\/556\/revisions\/615"}],"wp:attachment":[{"href":"https:\/\/layersfood.fr\/index.php\/wp-json\/wp\/v2\/media?parent=556"}],"curies":[{"name":"wp","href":"https:\/\/api.w.org\/{rel}","templated":true}]}}