{"id":153,"date":"2020-06-22T01:02:01","date_gmt":"2020-06-21T23:02:01","guid":{"rendered":"http:\/\/layersfood.fr\/?page_id=153"},"modified":"2020-12-19T16:38:55","modified_gmt":"2020-12-19T15:38:55","slug":"contact","status":"publish","type":"page","link":"https:\/\/layersfood.fr\/index.php\/contact\/","title":{"rendered":"Contact"},"content":{"rendered":"<p>[vc_row][vc_column][vc_column_text]Vous pouvez joindre l&#8217;\u00e9quipe Layers par t\u00e9l\u00e9phone au 07.87.12.90.24<\/p>\n<p>Pour toute demande \u00e9crite, merci de remplir le formulaire ci-dessous.[\/vc_column_text]<div role=\"form\" class=\"wpcf7\" id=\"wpcf7-f159-o1\" lang=\"fr-FR\" dir=\"ltr\">\n<div class=\"screen-reader-response\"><p role=\"status\" aria-live=\"polite\" aria-atomic=\"true\"><\/p> <ul><\/ul><\/div>\n<form action=\"\/index.php\/wp-json\/wp\/v2\/pages\/153#wpcf7-f159-o1\" method=\"post\" class=\"wpcf7-form init\" novalidate=\"novalidate\" data-status=\"init\">\n<div style=\"display: none;\">\n<input type=\"hidden\" name=\"_wpcf7\" value=\"159\" \/>\n<input type=\"hidden\" name=\"_wpcf7_version\" value=\"5.5.6.1\" \/>\n<input type=\"hidden\" name=\"_wpcf7_locale\" value=\"fr_FR\" \/>\n<input type=\"hidden\" name=\"_wpcf7_unit_tag\" value=\"wpcf7-f159-o1\" \/>\n<input type=\"hidden\" name=\"_wpcf7_container_post\" value=\"0\" \/>\n<input type=\"hidden\" name=\"_wpcf7_posted_data_hash\" value=\"\" \/>\n<\/div>\n<p><label> Votre nom (obligatoire)<br \/>\n    <span class=\"wpcf7-form-control-wrap your-name\"><input type=\"text\" name=\"your-name\" value=\"\" size=\"40\" class=\"wpcf7-form-control wpcf7-text wpcf7-validates-as-required\" aria-required=\"true\" aria-invalid=\"false\" \/><\/span> <\/label><\/p>\n<p><label> Votre adresse de messagerie (obligatoire)<br \/>\n    <span class=\"wpcf7-form-control-wrap your-email\"><input type=\"email\" name=\"your-email\" value=\"\" size=\"40\" class=\"wpcf7-form-control wpcf7-text wpcf7-email wpcf7-validates-as-required wpcf7-validates-as-email\" aria-required=\"true\" aria-invalid=\"false\" \/><\/span> <\/label><\/p>\n<p><label> Objet<br \/>\n    <span class=\"wpcf7-form-control-wrap your-subject\"><input type=\"text\" name=\"your-subject\" value=\"\" size=\"40\" class=\"wpcf7-form-control wpcf7-text\" aria-invalid=\"false\" \/><\/span> <\/label><\/p>\n<p><label> Votre message<br \/>\n    <span class=\"wpcf7-form-control-wrap your-message\"><textarea name=\"your-message\" cols=\"40\" rows=\"10\" class=\"wpcf7-form-control wpcf7-textarea\" aria-invalid=\"false\"><\/textarea><\/span> <\/label><\/p>\n<p><input type=\"submit\" value=\"Envoyer\" class=\"wpcf7-form-control has-spinner wpcf7-submit\" \/><\/p>\n<p style=\"display: none !important;\" class=\"akismet-fields-container\" data-prefix=\"_wpcf7_ak_\"><label>&#916;<textarea name=\"_wpcf7_ak_hp_textarea\" cols=\"45\" rows=\"8\" maxlength=\"100\"><\/textarea><\/label><input type=\"hidden\" id=\"ak_js_1\" name=\"_wpcf7_ak_js\" value=\"159\"\/><script>document.getElementById( \"ak_js_1\" ).setAttribute( \"value\", ( new Date() ).getTime() );<\/script><\/p><div class=\"wpcf7-response-output\" aria-hidden=\"true\"><\/div><\/form><\/div>[vc_column_text]Merci et \u00e0 bient\u00f4t ![\/vc_column_text][\/vc_column][\/vc_row][vc_row][vc_column][\/vc_column][\/vc_row]<\/p>\n","protected":false},"excerpt":{"rendered":"<p>[vc_row][vc_column][vc_column_text]Vous pouvez joindre l&#8217;\u00e9quipe Layers par t\u00e9l\u00e9phone au 07.87.12.90.24 Pour toute demande \u00e9crite, merci de remplir le formulaire ci-dessous.[\/vc_column_text][vc_column_text]Merci et \u00e0 bient\u00f4t ![\/vc_column_text][\/vc_column][\/vc_row][vc_row][vc_column][\/vc_column][\/vc_row]<\/p>\n","protected":false},"author":1,"featured_media":0,"parent":0,"menu_order":0,"comment_status":"closed","ping_status":"closed","template":"","meta":{"footnotes":""},"yoast_head":"<!-- This site is optimized with the Yoast SEO plugin v16.2 - https:\/\/yoast.com\/wordpress\/plugins\/seo\/ -->\n<title>Contact - Layersfood<\/title>\n<meta name=\"description\" content=\"Vous pouvez joindre l&#039;\u00e9quipe Layers par t\u00e9l\u00e9phone au 07.87.12.90.24 Pour toute demande \u00e9crite, merci de remplir le formulaire ci-dessous.Merci et \u00e0\" \/>\n<meta name=\"robots\" content=\"index, follow, max-snippet:-1, max-image-preview:large, max-video-preview:-1\" \/>\n<link rel=\"canonical\" href=\"https:\/\/layersfood.fr\/index.php\/contact\/\" \/>\n<meta property=\"og:locale\" content=\"en_US\" \/>\n<meta property=\"og:type\" content=\"article\" \/>\n<meta property=\"og:title\" content=\"Contact - Layersfood\" \/>\n<meta property=\"og:description\" content=\"Vous pouvez joindre l&#039;\u00e9quipe Layers par t\u00e9l\u00e9phone au 07.87.12.90.24 Pour toute demande \u00e9crite, merci de remplir le formulaire ci-dessous.Merci et \u00e0\" \/>\n<meta property=\"og:url\" content=\"https:\/\/layersfood.fr\/index.php\/contact\/\" \/>\n<meta property=\"og:site_name\" content=\"Layersfood\" \/>\n<meta property=\"article:publisher\" content=\"https:\/\/www.facebook.com\/layersfood\/\" \/>\n<meta property=\"article:modified_time\" content=\"2020-12-19T15:38:55+00:00\" \/>\n<meta property=\"og:image\" content=\"https:\/\/layersfood.fr\/wp-content\/uploads\/2020\/07\/PotLayers-scaled.jpg\" \/>\n\t<meta property=\"og:image:width\" content=\"2560\" \/>\n\t<meta property=\"og:image:height\" content=\"1440\" \/>\n<meta name=\"twitter:card\" content=\"summary_large_image\" \/>\n<script type=\"application\/ld+json\" class=\"yoast-schema-graph\">{\"@context\":\"https:\/\/schema.org\",\"@graph\":[{\"@type\":\"Organization\",\"@id\":\"https:\/\/layersfood.fr\/#organization\",\"name\":\"Layers\",\"url\":\"https:\/\/layersfood.fr\/\",\"sameAs\":[\"https:\/\/www.facebook.com\/layersfood\/\",\"https:\/\/www.instagram.com\/layersfood\/\"],\"logo\":{\"@type\":\"ImageObject\",\"@id\":\"https:\/\/layersfood.fr\/#logo\",\"inLanguage\":\"en-US\",\"url\":\"https:\/\/layersfood.fr\/wp-content\/uploads\/2020\/07\/LogoBigout-scaled.jpg\",\"contentUrl\":\"https:\/\/layersfood.fr\/wp-content\/uploads\/2020\/07\/LogoBigout-scaled.jpg\",\"width\":2560,\"height\":1440,\"caption\":\"Layers\"},\"image\":{\"@id\":\"https:\/\/layersfood.fr\/#logo\"}},{\"@type\":\"WebSite\",\"@id\":\"https:\/\/layersfood.fr\/#website\",\"url\":\"https:\/\/layersfood.fr\/\",\"name\":\"Layersfood\",\"description\":\"Layers Good Food Good Mood , le food truck aux produits fraichement travaill\\u00e9s dans le sud-ouest de la France\",\"publisher\":{\"@id\":\"https:\/\/layersfood.fr\/#organization\"},\"potentialAction\":[{\"@type\":\"SearchAction\",\"target\":\"https:\/\/layersfood.fr\/?s={search_term_string}\",\"query-input\":\"required name=search_term_string\"}],\"inLanguage\":\"en-US\"},{\"@type\":\"WebPage\",\"@id\":\"https:\/\/layersfood.fr\/index.php\/contact\/#webpage\",\"url\":\"https:\/\/layersfood.fr\/index.php\/contact\/\",\"name\":\"Contact - Layersfood\",\"isPartOf\":{\"@id\":\"https:\/\/layersfood.fr\/#website\"},\"datePublished\":\"2020-06-21T23:02:01+00:00\",\"dateModified\":\"2020-12-19T15:38:55+00:00\",\"description\":\"Vous pouvez joindre l'\\u00e9quipe Layers par t\\u00e9l\\u00e9phone au 07.87.12.90.24 Pour toute demande \\u00e9crite, merci de remplir le formulaire ci-dessous.Merci et \\u00e0\",\"breadcrumb\":{\"@id\":\"https:\/\/layersfood.fr\/index.php\/contact\/#breadcrumb\"},\"inLanguage\":\"en-US\",\"potentialAction\":[{\"@type\":\"ReadAction\",\"target\":[\"https:\/\/layersfood.fr\/index.php\/contact\/\"]}]},{\"@type\":\"BreadcrumbList\",\"@id\":\"https:\/\/layersfood.fr\/index.php\/contact\/#breadcrumb\",\"itemListElement\":[{\"@type\":\"ListItem\",\"position\":1,\"item\":{\"@type\":\"WebPage\",\"@id\":\"https:\/\/layersfood.fr\/\",\"url\":\"https:\/\/layersfood.fr\/\",\"name\":\"Accueil\"}},{\"@type\":\"ListItem\",\"position\":2,\"item\":{\"@id\":\"https:\/\/layersfood.fr\/index.php\/contact\/#webpage\"}}]}]}<\/script>\n<!-- \/ Yoast SEO plugin. -->","_links":{"self":[{"href":"https:\/\/layersfood.fr\/index.php\/wp-json\/wp\/v2\/pages\/153"}],"collection":[{"href":"https:\/\/layersfood.fr\/index.php\/wp-json\/wp\/v2\/pages"}],"about":[{"href":"https:\/\/layersfood.fr\/index.php\/wp-json\/wp\/v2\/types\/page"}],"author":[{"embeddable":true,"href":"https:\/\/layersfood.fr\/index.php\/wp-json\/wp\/v2\/users\/1"}],"replies":[{"embeddable":true,"href":"https:\/\/layersfood.fr\/index.php\/wp-json\/wp\/v2\/comments?post=153"}],"version-history":[{"count":8,"href":"https:\/\/layersfood.fr\/index.php\/wp-json\/wp\/v2\/pages\/153\/revisions"}],"predecessor-version":[{"id":377,"href":"https:\/\/layersfood.fr\/index.php\/wp-json\/wp\/v2\/pages\/153\/revisions\/377"}],"wp:attachment":[{"href":"https:\/\/layersfood.fr\/index.php\/wp-json\/wp\/v2\/media?parent=153"}],"curies":[{"name":"wp","href":"https:\/\/api.w.org\/{rel}","templated":true}]}}